{"id":2787,"date":"2024-07-13T11:44:12","date_gmt":"2024-07-13T09:44:12","guid":{"rendered":"https:\/\/hotelcis.pl\/dostepnosc-1os\/"},"modified":"2024-07-13T11:53:42","modified_gmt":"2024-07-13T09:53:42","slug":"dostepnosc-1os","status":"publish","type":"page","link":"https:\/\/hotelcis.pl\/de\/dostepnosc-1os\/","title":{"rendered":"Verf\u00fcgbarkeit - Einzelzimmer"},"content":{"rendered":"<div class=\"wrap plugin-container\">\n\n\t\n\t\n\t<h3>Verf\u00fcgbarkeitskalender<\/h3>\n\n<div class=\"vbo-availability-controls\">\n\t<form action=\"https:\/\/hotelcis.pl\/de\/pokoj-jednoosobowy\/\" method=\"post\" name=\"vbmonths\" data-trp-original-action=\"https:\/\/hotelcis.pl\/de\/pokoj-jednoosobowy\/\">\n\t\t<select name=\"month\" onchange=\"document.vbmonths.submit();\">\n<option value=\"1777586400\" selected=\"selected\">Mai 2026<\/option>\n<option value=\"1780264800\">Juni 2026<\/option>\n<option value=\"1782856800\">Juli 2026<\/option>\n<option value=\"1785535200\">August 2026<\/option>\n<option value=\"1788213600\">September 2026<\/option>\n<option value=\"1790805600\">Oktober 2026<\/option>\n<option value=\"1793487600\">November 2026<\/option>\n<option value=\"1796079600\">Dezember 2026<\/option>\n<option value=\"1798758000\">Januar 2027<\/option>\n<option value=\"1801436400\">February 2027<\/option>\n<option value=\"1803855600\">March 2027<\/option>\n<option value=\"1806530400\">April 2027<\/option>\n<option value=\"1809122400\">May 2027<\/option>\n<\/select>\n\t\t\t<input type=\"hidden\" name=\"room_ids[]\" value=\"2\" \/>\n\t\t\t\t<input type=\"hidden\" name=\"showtype\" value=\"2\" \/>\n\t<input type=\"hidden\" name=\"trp-form-language\" value=\"de\"\/><\/form>\n\t<div class=\"vblegendediv\">\n\t\t<span class=\"vblegenda\"><span class=\"vblegenda-status vblegfree\">&nbsp;<\/span> <span class=\"vblegenda-lbl\"> Verf\u00fcgbar<\/span><\/span>\n\t\t\t<span class=\"vblegenda\"><span class=\"vblegenda-status vblegbusy\">&nbsp;<\/span> <span class=\"vblegenda-lbl\"> Nicht verf\u00fcgbar<\/span><\/span>\n\t<\/div>\n<\/div>\n\t\n<div class=\"vbo-availability-wrapper\">\n\t<div class=\"vbo-availability-room-container\">\n\t\t<div class=\"vbo-availability-room-details\">\n\t\t\t<div class=\"vbo-availability-room-details-first\">\n\t\t\t\t<div class=\"vbo-availability-room-details-left\">\n\t\t\t\t\t\t\t\t\t<img decoding=\"async\" data-src=\"https:\/\/hotelcis.pl\/wp-content\/plugins\/vikbooking\/site\/resources\/uploads\/pokoj-1-osobowy2.webp\" alt=\"Jednoosobowy\" src=\"data:image\/gif;base64,R0lGODlhAQABAAAAACH5BAEKAAEALAAAAAABAAEAAAICTAEAOw==\" class=\"lazyload\" \/><noscript><img decoding=\"async\" src=\"https:\/\/hotelcis.pl\/wp-content\/plugins\/vikbooking\/site\/resources\/uploads\/pokoj-1-osobowy2.webp\" alt=\"Jednoosobowy\"\/><\/noscript>\n\t\t\t\t\t\t\t\t\t<\/div>\n\t\t\t\t<div class=\"vbo-availability-room-details-right\">\n\t\t\t\t\t<h4>Einzelperson<\/h4>\n\t\t\t\t\t<div class=\"vbo-availability-room-details-descr\">\n\t\t\t\t\t\tJedes unserer Zimmer verf\u00fcgt \u00fcber eine funktionelle Einrichtung und ein stilvolles Interieur. F\u00fcr einen perfekten Schlaf sorgen die antiallergischen Matratzen von Hilding, und die Einzelbetten werden auch den Erwartungen der anspruchsvollsten G\u00e4ste gerecht.\t\t\t\t\t<\/div>\n\t\t\t\t\t\t\t\t\t<div class=\"room_carats\">\n\t\t\t\t\t\t<div class=\"vbo-room-carats\">\n<span class=\"vbo-room-carat\"><img decoding=\"async\" data-src=\"https:\/\/hotelcis.pl\/wp-content\/plugins\/vikbooking\/site\/resources\/uploads\/wi-fi-bezplatne.webp\" alt=\"WiFi\" title=\"WiFi\" src=\"data:image\/gif;base64,R0lGODlhAQABAAAAACH5BAEKAAEALAAAAAABAAEAAAICTAEAOw==\" class=\"lazyload\" \/><noscript><img decoding=\"async\" src=\"https:\/\/hotelcis.pl\/wp-content\/plugins\/vikbooking\/site\/resources\/uploads\/wi-fi-bezplatne.webp\" alt=\"WiFi\" title=\"WiFi\"\/><\/noscript><\/span>\n<span class=\"vbo-room-carat\"><img decoding=\"async\" data-src=\"https:\/\/hotelcis.pl\/wp-content\/plugins\/vikbooking\/site\/resources\/uploads\/telewizora-w-pokoju.webp\" alt=\"TV\" title=\"TV\" src=\"data:image\/gif;base64,R0lGODlhAQABAAAAACH5BAEKAAEALAAAAAABAAEAAAICTAEAOw==\" class=\"lazyload\" \/><noscript><img decoding=\"async\" src=\"https:\/\/hotelcis.pl\/wp-content\/plugins\/vikbooking\/site\/resources\/uploads\/telewizora-w-pokoju.webp\" alt=\"TV\" title=\"TV\"\/><\/noscript><\/span>\n<span class=\"vbo-room-carat\"><img decoding=\"async\" data-src=\"https:\/\/hotelcis.pl\/wp-content\/plugins\/vikbooking\/site\/resources\/uploads\/prysznic-w-pokoju.webp\" alt=\"Prysznic\" title=\"Dusche\" src=\"data:image\/gif;base64,R0lGODlhAQABAAAAACH5BAEKAAEALAAAAAABAAEAAAICTAEAOw==\" class=\"lazyload\" \/><noscript><img decoding=\"async\" src=\"https:\/\/hotelcis.pl\/wp-content\/plugins\/vikbooking\/site\/resources\/uploads\/prysznic-w-pokoju.webp\" alt=\"Prysznic\" title=\"Dusche\"\/><\/noscript><\/span>\n<span class=\"vbo-room-carat\"><img decoding=\"async\" data-src=\"https:\/\/hotelcis.pl\/wp-content\/plugins\/vikbooking\/site\/resources\/uploads\/mini-bar.webp\" alt=\"Mini Bar\" title=\"Minibar\" src=\"data:image\/gif;base64,R0lGODlhAQABAAAAACH5BAEKAAEALAAAAAABAAEAAAICTAEAOw==\" class=\"lazyload\" \/><noscript><img decoding=\"async\" src=\"https:\/\/hotelcis.pl\/wp-content\/plugins\/vikbooking\/site\/resources\/uploads\/mini-bar.webp\" alt=\"Mini Bar\" title=\"Minibar\"\/><\/noscript><\/span>\n<span class=\"vbo-room-carat\"><img decoding=\"async\" data-src=\"https:\/\/hotelcis.pl\/wp-content\/plugins\/vikbooking\/site\/resources\/uploads\/sejfa-w-pokoju_1.webp\" alt=\"Sejf\" title=\"Sicher\" src=\"data:image\/gif;base64,R0lGODlhAQABAAAAACH5BAEKAAEALAAAAAABAAEAAAICTAEAOw==\" class=\"lazyload\" \/><noscript><img decoding=\"async\" src=\"https:\/\/hotelcis.pl\/wp-content\/plugins\/vikbooking\/site\/resources\/uploads\/sejfa-w-pokoju_1.webp\" alt=\"Sejf\" title=\"Sicher\"\/><\/noscript><\/span>\n<span class=\"vbo-room-carat\"><img decoding=\"async\" data-src=\"https:\/\/hotelcis.pl\/wp-content\/plugins\/vikbooking\/site\/resources\/uploads\/sprzatanie.webp\" alt=\"Sprz\u0105tanie\" title=\"Reinigung\" src=\"data:image\/gif;base64,R0lGODlhAQABAAAAACH5BAEKAAEALAAAAAABAAEAAAICTAEAOw==\" class=\"lazyload\" \/><noscript><img decoding=\"async\" src=\"https:\/\/hotelcis.pl\/wp-content\/plugins\/vikbooking\/site\/resources\/uploads\/sprzatanie.webp\" alt=\"Sprz\u0105tanie\" title=\"Reinigung\"\/><\/noscript><\/span>\n<span class=\"vbo-room-carat\"><img decoding=\"async\" data-src=\"https:\/\/hotelcis.pl\/wp-content\/plugins\/vikbooking\/site\/resources\/uploads\/suszrka-do-wlosow.webp\" alt=\"Suszarka\" title=\"Trockner\" src=\"data:image\/gif;base64,R0lGODlhAQABAAAAACH5BAEKAAEALAAAAAABAAEAAAICTAEAOw==\" class=\"lazyload\" \/><noscript><img decoding=\"async\" src=\"https:\/\/hotelcis.pl\/wp-content\/plugins\/vikbooking\/site\/resources\/uploads\/suszrka-do-wlosow.webp\" alt=\"Suszarka\" title=\"Trockner\"\/><\/noscript><\/span>\n<span class=\"vbo-room-carat\"><img decoding=\"async\" data-src=\"https:\/\/hotelcis.pl\/wp-content\/plugins\/vikbooking\/site\/resources\/uploads\/balkona-w-pokoju.webp\" alt=\"Balkon\" title=\"Balkon\" src=\"data:image\/gif;base64,R0lGODlhAQABAAAAACH5BAEKAAEALAAAAAABAAEAAAICTAEAOw==\" class=\"lazyload\" \/><noscript><img decoding=\"async\" src=\"https:\/\/hotelcis.pl\/wp-content\/plugins\/vikbooking\/site\/resources\/uploads\/balkona-w-pokoju.webp\" alt=\"Balkon\" title=\"Balkon\"\/><\/noscript><\/span>\n<span class=\"vbo-room-carat\"><img decoding=\"async\" data-src=\"https:\/\/hotelcis.pl\/wp-content\/plugins\/vikbooking\/site\/resources\/uploads\/wygodne-lozko.webp\" alt=\"\u0141\u00f3\u017cko\" title=\"Bett\" src=\"data:image\/gif;base64,R0lGODlhAQABAAAAACH5BAEKAAEALAAAAAABAAEAAAICTAEAOw==\" class=\"lazyload\" \/><noscript><img decoding=\"async\" src=\"https:\/\/hotelcis.pl\/wp-content\/plugins\/vikbooking\/site\/resources\/uploads\/wygodne-lozko.webp\" alt=\"\u0141\u00f3\u017cko\" title=\"Bett\"\/><\/noscript><\/span>\n<span class=\"vbo-room-carat\"><img decoding=\"async\" data-src=\"https:\/\/hotelcis.pl\/wp-content\/plugins\/vikbooking\/site\/resources\/uploads\/szafa-w-pokoju.webp\" alt=\"Szafa\" title=\"Kabinett\" src=\"data:image\/gif;base64,R0lGODlhAQABAAAAACH5BAEKAAEALAAAAAABAAEAAAICTAEAOw==\" class=\"lazyload\" \/><noscript><img decoding=\"async\" src=\"https:\/\/hotelcis.pl\/wp-content\/plugins\/vikbooking\/site\/resources\/uploads\/szafa-w-pokoju.webp\" alt=\"Szafa\" title=\"Kabinett\"\/><\/noscript><\/span>\n<span class=\"vbo-room-carat\"><span class=\"vbo-expl\" data-vbo-expl=\"Psy niedozwolone\"><i class=\"fas fa-paw vbo-icn-carat\"><\/i><\/span><\/span>\n<\/div>\n\t\t\t\t\t<\/div>\n\t\t\t\t\t\t\t\t\t<\/div>\n\t\t\t<\/div>\n\t\t\t<div class=\"vbo-availability-room-details-last vbselectr\">\n\t\t\t\t<div class=\"vbo-availability-room-details-last-inner\">\n\t\t\t\t\t<a class=\"btn vbo-pref-color-btn\" id=\"vbo-av-btn-2\" href=\"https:\/\/hotelcis.pl\/de\/double-rooms\/?roomid=2&amp;checkin=-1\">Jetzt buchen<\/a>\n\t\t\t\t<\/div>\n\t\t\t\t<div class=\"vbo-availability-room-details-last-checkin\" id=\"vbo-av-checkin-2\"><i class=\"fas fa-sign-in-alt vbo-pref-color-element\"><\/i> <span><\/span><\/div>\n\t\t\t<\/div>\n\t\t<\/div>\n\t\t<div class=\"vbo-availability-room-monthcal table-responsive\">\n\t\t\t<table class=\"table\" id=\"vbo-av-table-2\" data-room-table=\"2\">\n\t\t\t\t<tr class=\"vbo-availability-room-monthdays\">\n\t\t\t\t\t<td class=\"vbo-availability-month-name vbo-pref-color-text\" rowspan=\"2\">Mai 2026<\/td>\n\t\t\t\t\t\t\t\t\t<td class=\"vbo-availability-month-day\">\n\t\t\t\t\t\t<span class=\"vbo-availability-daynumber\">1<\/span>\n\t\t\t\t\t\t<span class=\"vbo-availability-weekday\">Fr<\/span>\n\t\t\t\t\t<\/td>\n\t\t\t\t\t\t\t\t\t\t<td class=\"vbo-availability-month-day\">\n\t\t\t\t\t\t<span class=\"vbo-availability-daynumber\">2<\/span>\n\t\t\t\t\t\t<span class=\"vbo-availability-weekday\">Sat<\/span>\n\t\t\t\t\t<\/td>\n\t\t\t\t\t\t\t\t\t\t<td class=\"vbo-availability-month-day\">\n\t\t\t\t\t\t<span class=\"vbo-availability-daynumber\">3<\/span>\n\t\t\t\t\t\t<span class=\"vbo-availability-weekday\">Sonne<\/span>\n\t\t\t\t\t<\/td>\n\t\t\t\t\t\t\t\t\t\t<td class=\"vbo-availability-month-day\">\n\t\t\t\t\t\t<span class=\"vbo-availability-daynumber\">4<\/span>\n\t\t\t\t\t\t<span class=\"vbo-availability-weekday\">Mo<\/span>\n\t\t\t\t\t<\/td>\n\t\t\t\t\t\t\t\t\t\t<td class=\"vbo-availability-month-day\">\n\t\t\t\t\t\t<span class=\"vbo-availability-daynumber\">5<\/span>\n\t\t\t\t\t\t<span class=\"vbo-availability-weekday\">Di<\/span>\n\t\t\t\t\t<\/td>\n\t\t\t\t\t\t\t\t\t\t<td class=\"vbo-availability-month-day\">\n\t\t\t\t\t\t<span class=\"vbo-availability-daynumber\">6<\/span>\n\t\t\t\t\t\t<span class=\"vbo-availability-weekday\">Mi<\/span>\n\t\t\t\t\t<\/td>\n\t\t\t\t\t\t\t\t\t\t<td class=\"vbo-availability-month-day\">\n\t\t\t\t\t\t<span class=\"vbo-availability-daynumber\">7<\/span>\n\t\t\t\t\t\t<span class=\"vbo-availability-weekday\">Thu<\/span>\n\t\t\t\t\t<\/td>\n\t\t\t\t\t\t\t\t\t\t<td class=\"vbo-availability-month-day\">\n\t\t\t\t\t\t<span class=\"vbo-availability-daynumber\">8<\/span>\n\t\t\t\t\t\t<span class=\"vbo-availability-weekday\">Fr<\/span>\n\t\t\t\t\t<\/td>\n\t\t\t\t\t\t\t\t\t\t<td class=\"vbo-availability-month-day\">\n\t\t\t\t\t\t<span class=\"vbo-availability-daynumber\">9<\/span>\n\t\t\t\t\t\t<span class=\"vbo-availability-weekday\">Sat<\/span>\n\t\t\t\t\t<\/td>\n\t\t\t\t\t\t\t\t\t\t<td class=\"vbo-availability-month-day\">\n\t\t\t\t\t\t<span class=\"vbo-availability-daynumber\">10<\/span>\n\t\t\t\t\t\t<span class=\"vbo-availability-weekday\">Sonne<\/span>\n\t\t\t\t\t<\/td>\n\t\t\t\t\t\t\t\t\t\t<td class=\"vbo-availability-month-day\">\n\t\t\t\t\t\t<span class=\"vbo-availability-daynumber\">11<\/span>\n\t\t\t\t\t\t<span class=\"vbo-availability-weekday\">Mo<\/span>\n\t\t\t\t\t<\/td>\n\t\t\t\t\t\t\t\t\t\t<td class=\"vbo-availability-month-day\">\n\t\t\t\t\t\t<span class=\"vbo-availability-daynumber\">12<\/span>\n\t\t\t\t\t\t<span class=\"vbo-availability-weekday\">Di<\/span>\n\t\t\t\t\t<\/td>\n\t\t\t\t\t\t\t\t\t\t<td class=\"vbo-availability-month-day\">\n\t\t\t\t\t\t<span class=\"vbo-availability-daynumber\">13<\/span>\n\t\t\t\t\t\t<span class=\"vbo-availability-weekday\">Mi<\/span>\n\t\t\t\t\t<\/td>\n\t\t\t\t\t\t\t\t\t\t<td class=\"vbo-availability-month-day\">\n\t\t\t\t\t\t<span class=\"vbo-availability-daynumber\">14<\/span>\n\t\t\t\t\t\t<span class=\"vbo-availability-weekday\">Thu<\/span>\n\t\t\t\t\t<\/td>\n\t\t\t\t\t\t\t\t\t\t<td class=\"vbo-availability-month-day\">\n\t\t\t\t\t\t<span class=\"vbo-availability-daynumber\">15<\/span>\n\t\t\t\t\t\t<span class=\"vbo-availability-weekday\">Fr<\/span>\n\t\t\t\t\t<\/td>\n\t\t\t\t\t\t\t\t\t\t<td class=\"vbo-availability-month-day\">\n\t\t\t\t\t\t<span class=\"vbo-availability-daynumber\">16<\/span>\n\t\t\t\t\t\t<span class=\"vbo-availability-weekday\">Sat<\/span>\n\t\t\t\t\t<\/td>\n\t\t\t\t\t\t\t\t\t\t<td class=\"vbo-availability-month-day\">\n\t\t\t\t\t\t<span class=\"vbo-availability-daynumber\">17<\/span>\n\t\t\t\t\t\t<span class=\"vbo-availability-weekday\">Sonne<\/span>\n\t\t\t\t\t<\/td>\n\t\t\t\t\t\t\t\t\t\t<td class=\"vbo-availability-month-day\">\n\t\t\t\t\t\t<span class=\"vbo-availability-daynumber\">18<\/span>\n\t\t\t\t\t\t<span class=\"vbo-availability-weekday\">Mo<\/span>\n\t\t\t\t\t<\/td>\n\t\t\t\t\t\t\t\t\t\t<td class=\"vbo-availability-month-day\">\n\t\t\t\t\t\t<span class=\"vbo-availability-daynumber\">19<\/span>\n\t\t\t\t\t\t<span class=\"vbo-availability-weekday\">Di<\/span>\n\t\t\t\t\t<\/td>\n\t\t\t\t\t\t\t\t\t\t<td class=\"vbo-availability-month-day\">\n\t\t\t\t\t\t<span class=\"vbo-availability-daynumber\">20<\/span>\n\t\t\t\t\t\t<span class=\"vbo-availability-weekday\">Mi<\/span>\n\t\t\t\t\t<\/td>\n\t\t\t\t\t\t\t\t\t\t<td class=\"vbo-availability-month-day\">\n\t\t\t\t\t\t<span class=\"vbo-availability-daynumber\">21<\/span>\n\t\t\t\t\t\t<span class=\"vbo-availability-weekday\">Thu<\/span>\n\t\t\t\t\t<\/td>\n\t\t\t\t\t\t\t\t\t\t<td class=\"vbo-availability-month-day\">\n\t\t\t\t\t\t<span class=\"vbo-availability-daynumber\">22<\/span>\n\t\t\t\t\t\t<span class=\"vbo-availability-weekday\">Fr<\/span>\n\t\t\t\t\t<\/td>\n\t\t\t\t\t\t\t\t\t\t<td class=\"vbo-availability-month-day\">\n\t\t\t\t\t\t<span class=\"vbo-availability-daynumber\">23<\/span>\n\t\t\t\t\t\t<span class=\"vbo-availability-weekday\">Sat<\/span>\n\t\t\t\t\t<\/td>\n\t\t\t\t\t\t\t\t\t\t<td class=\"vbo-availability-month-day\">\n\t\t\t\t\t\t<span class=\"vbo-availability-daynumber\">24<\/span>\n\t\t\t\t\t\t<span class=\"vbo-availability-weekday\">Sonne<\/span>\n\t\t\t\t\t<\/td>\n\t\t\t\t\t\t\t\t\t\t<td class=\"vbo-availability-month-day\">\n\t\t\t\t\t\t<span class=\"vbo-availability-daynumber\">25<\/span>\n\t\t\t\t\t\t<span class=\"vbo-availability-weekday\">Mo<\/span>\n\t\t\t\t\t<\/td>\n\t\t\t\t\t\t\t\t\t\t<td class=\"vbo-availability-month-day\">\n\t\t\t\t\t\t<span class=\"vbo-availability-daynumber\">26<\/span>\n\t\t\t\t\t\t<span class=\"vbo-availability-weekday\">Di<\/span>\n\t\t\t\t\t<\/td>\n\t\t\t\t\t\t\t\t\t\t<td class=\"vbo-availability-month-day\">\n\t\t\t\t\t\t<span class=\"vbo-availability-daynumber\">27<\/span>\n\t\t\t\t\t\t<span class=\"vbo-availability-weekday\">Mi<\/span>\n\t\t\t\t\t<\/td>\n\t\t\t\t\t\t\t\t\t\t<td class=\"vbo-availability-month-day\">\n\t\t\t\t\t\t<span class=\"vbo-availability-daynumber\">28<\/span>\n\t\t\t\t\t\t<span class=\"vbo-availability-weekday\">Thu<\/span>\n\t\t\t\t\t<\/td>\n\t\t\t\t\t\t\t\t\t\t<td class=\"vbo-availability-month-day\">\n\t\t\t\t\t\t<span class=\"vbo-availability-daynumber\">29<\/span>\n\t\t\t\t\t\t<span class=\"vbo-availability-weekday\">Fr<\/span>\n\t\t\t\t\t<\/td>\n\t\t\t\t\t\t\t\t\t\t<td class=\"vbo-availability-month-day\">\n\t\t\t\t\t\t<span class=\"vbo-availability-daynumber\">30<\/span>\n\t\t\t\t\t\t<span class=\"vbo-availability-weekday\">Sat<\/span>\n\t\t\t\t\t<\/td>\n\t\t\t\t\t\t\t\t\t\t<td class=\"vbo-availability-month-day\">\n\t\t\t\t\t\t<span class=\"vbo-availability-daynumber\">31<\/span>\n\t\t\t\t\t\t<span class=\"vbo-availability-weekday\">Sonne<\/span>\n\t\t\t\t\t<\/td>\n\t\t\t\t\t\t\t\t\t<\/tr>\n\t\t\t\t<tr class=\"vbo-availability-room-avdays\">\n\t\t\t\t\t\t\t\t\t<td class=\"vbo-occupied-cell vbo-checkinday-cell vbo-checkoutday-cell\" data-cell-date=\"01\/05\/2026\" data-cell-ts=\"1777586400\"><span class=\"vbo-availability-day-container\" data-units-booked=\"1\" data-units-left=\"0\">0<\/span><\/td>\n\t\t\t\t\t\t\t\t\t\t<td class=\"vbo-occupied-cell\" data-cell-date=\"02\/05\/2026\" data-cell-ts=\"1777672800\"><span class=\"vbo-availability-day-container\" data-units-booked=\"1\" data-units-left=\"0\">0<\/span><\/td>\n\t\t\t\t\t\t\t\t\t\t<td class=\"vbo-occupied-cell vbo-checkinday-cell vbo-checkoutday-cell\" data-cell-date=\"03\/05\/2026\" data-cell-ts=\"1777759200\"><span class=\"vbo-availability-day-container\" data-units-booked=\"1\" data-units-left=\"0\">0<\/span><\/td>\n\t\t\t\t\t\t\t\t\t\t<td class=\"vbo-free-cell\" data-cell-date=\"04\/05\/2026\" data-cell-ts=\"1777845600\"><\/td>\n\t\t\t\t\t\t\t\t\t\t<td class=\"vbo-free-cell\" data-cell-date=\"05\/05\/2026\" data-cell-ts=\"1777932000\"><\/td>\n\t\t\t\t\t\t\t\t\t\t<td class=\"vbo-free-cell\" data-cell-date=\"06\/05\/2026\" data-cell-ts=\"1778018400\"><\/td>\n\t\t\t\t\t\t\t\t\t\t<td class=\"vbo-free-cell\" data-cell-date=\"07\/05\/2026\" data-cell-ts=\"1778104800\"><\/td>\n\t\t\t\t\t\t\t\t\t\t<td class=\"vbo-free-cell\" data-cell-date=\"08\/05\/2026\" data-cell-ts=\"1778191200\"><\/td>\n\t\t\t\t\t\t\t\t\t\t<td class=\"vbo-free-cell\" data-cell-date=\"09\/05\/2026\" data-cell-ts=\"1778277600\"><\/td>\n\t\t\t\t\t\t\t\t\t\t<td class=\"vbo-free-cell\" data-cell-date=\"10\/05\/2026\" data-cell-ts=\"1778364000\"><\/td>\n\t\t\t\t\t\t\t\t\t\t<td class=\"vbo-free-cell\" data-cell-date=\"11\/05\/2026\" data-cell-ts=\"1778450400\"><\/td>\n\t\t\t\t\t\t\t\t\t\t<td class=\"vbo-free-cell\" data-cell-date=\"12\/05\/2026\" data-cell-ts=\"1778536800\"><\/td>\n\t\t\t\t\t\t\t\t\t\t<td class=\"vbo-free-cell\" data-cell-date=\"13\/05\/2026\" data-cell-ts=\"1778623200\"><\/td>\n\t\t\t\t\t\t\t\t\t\t<td class=\"vbo-free-cell\" data-cell-date=\"14\/05\/2026\" data-cell-ts=\"1778709600\"><\/td>\n\t\t\t\t\t\t\t\t\t\t<td class=\"vbo-free-cell\" data-cell-date=\"15\/05\/2026\" data-cell-ts=\"1778796000\"><\/td>\n\t\t\t\t\t\t\t\t\t\t<td class=\"vbo-free-cell\" data-cell-date=\"16\/05\/2026\" data-cell-ts=\"1778882400\"><\/td>\n\t\t\t\t\t\t\t\t\t\t<td class=\"vbo-free-cell\" data-cell-date=\"17\/05\/2026\" data-cell-ts=\"1778968800\"><\/td>\n\t\t\t\t\t\t\t\t\t\t<td class=\"vbo-free-cell\" data-cell-date=\"18\/05\/2026\" data-cell-ts=\"1779055200\"><\/td>\n\t\t\t\t\t\t\t\t\t\t<td class=\"vbo-free-cell\" data-cell-date=\"19\/05\/2026\" data-cell-ts=\"1779141600\"><\/td>\n\t\t\t\t\t\t\t\t\t\t<td class=\"vbo-free-cell\" data-cell-date=\"20\/05\/2026\" data-cell-ts=\"1779228000\"><\/td>\n\t\t\t\t\t\t\t\t\t\t<td class=\"vbo-free-cell\" data-cell-date=\"21\/05\/2026\" data-cell-ts=\"1779314400\"><\/td>\n\t\t\t\t\t\t\t\t\t\t<td class=\"vbo-free-cell\" data-cell-date=\"22\/05\/2026\" data-cell-ts=\"1779400800\"><\/td>\n\t\t\t\t\t\t\t\t\t\t<td class=\"vbo-free-cell\" data-cell-date=\"23\/05\/2026\" data-cell-ts=\"1779487200\"><\/td>\n\t\t\t\t\t\t\t\t\t\t<td class=\"vbo-free-cell\" data-cell-date=\"24\/05\/2026\" data-cell-ts=\"1779573600\"><\/td>\n\t\t\t\t\t\t\t\t\t\t<td class=\"vbo-free-cell\" data-cell-date=\"25\/05\/2026\" data-cell-ts=\"1779660000\"><\/td>\n\t\t\t\t\t\t\t\t\t\t<td class=\"vbo-free-cell\" data-cell-date=\"26\/05\/2026\" data-cell-ts=\"1779746400\"><\/td>\n\t\t\t\t\t\t\t\t\t\t<td class=\"vbo-free-cell\" data-cell-date=\"27\/05\/2026\" data-cell-ts=\"1779832800\"><\/td>\n\t\t\t\t\t\t\t\t\t\t<td class=\"vbo-free-cell\" data-cell-date=\"28\/05\/2026\" data-cell-ts=\"1779919200\"><\/td>\n\t\t\t\t\t\t\t\t\t\t<td class=\"vbo-free-cell\" data-cell-date=\"29\/05\/2026\" data-cell-ts=\"1780005600\"><\/td>\n\t\t\t\t\t\t\t\t\t\t<td class=\"vbo-free-cell\" data-cell-date=\"30\/05\/2026\" data-cell-ts=\"1780092000\"><\/td>\n\t\t\t\t\t\t\t\t\t\t<td class=\"vbo-free-cell\" data-cell-date=\"31\/05\/2026\" data-cell-ts=\"1780178400\"><\/td>\n\t\t\t\t\t\t\t\t\t<\/tr>\n\t\t\t<\/table>\n\t\t<\/div>\n\t<\/div>\n\t<\/div>\n\n<script type=\"text\/javascript\">\njQuery(function() {\n\tjQuery(\".vbo-free-cell, .vbo-partially-cell\").click(function() {\n\t\tvar idroom = jQuery(this).closest(\"table\").attr(\"data-room-table\");\n\t\tvar celldate = jQuery(this).attr(\"data-cell-date\");\n\t\tvar cellts = jQuery(this).attr(\"data-cell-ts\");\n\t\tif (idroom.length && celldate.length && cellts.length) {\n\t\t\tjQuery(\"#vbo-av-checkin-\"+idroom).hide().find(\"span\").text(\"\");\n\t\t\tif (jQuery(\"#vbo-av-btn-\"+idroom).length) {\n\t\t\t\tvar btnlink = jQuery(\"#vbo-av-btn-\"+idroom).attr(\"href\");\n\t\t\t\tif (jQuery(this).hasClass(\"vbo-cell-selected-arrival\")) {\n\t\t\t\t\tjQuery(\"#vbo-av-table-\"+idroom).find(\"tr\").find(\"td\").removeClass(\"vbo-cell-selected-arrival\");\n\t\t\t\t\tjQuery(\"#vbo-av-checkin-\"+idroom).fadeOut().find(\"span\").text(celldate);\n\t\t\t\t\tbtnlink = btnlink.replace(\/(checkin=)[^\\&]+\/, '$1' + \"-1\");\n\t\t\t\t} else {\n\t\t\t\t\tjQuery(\"#vbo-av-table-\"+idroom).find(\"tr\").find(\"td\").removeClass(\"vbo-cell-selected-arrival\");\n\t\t\t\t\tjQuery(this).addClass(\"vbo-cell-selected-arrival\");\n\t\t\t\t\tjQuery(\"#vbo-av-checkin-\"+idroom).fadeIn().find(\"span\").text(celldate);\n\t\t\t\t\tbtnlink = btnlink.replace(\/(checkin=)[^\\&]+\/, '$1' + cellts);\n\t\t\t\t}\n\t\t\t\tjQuery(\"#vbo-av-btn-\"+idroom).attr(\"href\", btnlink);\n\t\t\t}\n\t\t}\n\t});\n});\n<\/script>\n\n<\/div>","protected":false},"excerpt":{"rendered":"","protected":false},"author":1,"featured_media":0,"parent":0,"menu_order":0,"comment_status":"closed","ping_status":"closed","template":"","meta":{"site-sidebar-layout":"default","site-content-layout":"","ast-site-content-layout":"default","site-content-style":"default","site-sidebar-style":"default","ast-global-header-display":"","ast-banner-title-visibility":"","ast-main-header-display":"","ast-hfb-above-header-display":"","ast-hfb-below-header-display":"","ast-hfb-mobile-header-display":"","site-post-title":"","ast-breadcrumbs-content":"","ast-featured-img":"","footer-sml-layout":"","ast-disable-related-posts":"","theme-transparent-header-meta":"","adv-header-id-meta":"","stick-header-meta":"","header-above-stick-meta":"","header-main-stick-meta":"","header-below-stick-meta":"","astra-migrate-meta-layouts":"set","ast-page-background-enabled":"default","ast-page-background-meta":{"desktop":{"background-color":"","background-image":"","background-repeat":"repeat","background-position":"center center","background-size":"auto","background-attachment":"scroll","background-type":"","background-media":"","overlay-type":"","overlay-color":"","overlay-opacity":"","overlay-gradient":""},"tablet":{"background-color":"","background-image":"","background-repeat":"repeat","background-position":"center center","background-size":"auto","background-attachment":"scroll","background-type":"","background-media":"","overlay-type":"","overlay-color":"","overlay-opacity":"","overlay-gradient":""},"mobile":{"background-color":"","background-image":"","background-repeat":"repeat","background-position":"center center","background-size":"auto","background-attachment":"scroll","background-type":"","background-media":"","overlay-type":"","overlay-color":"","overlay-opacity":"","overlay-gradient":""}},"ast-content-background-meta":{"desktop":{"background-color":"var(--ast-global-color-5)","background-image":"","background-repeat":"repeat","background-position":"center center","background-size":"auto","background-attachment":"scroll","background-type":"","background-media":"","overlay-type":"","overlay-color":"","overlay-opacity":"","overlay-gradient":""},"tablet":{"background-color":"var(--ast-global-color-5)","background-image":"","background-repeat":"repeat","background-position":"center center","background-size":"auto","background-attachment":"scroll","background-type":"","background-media":"","overlay-type":"","overlay-color":"","overlay-opacity":"","overlay-gradient":""},"mobile":{"background-color":"var(--ast-global-color-5)","background-image":"","background-repeat":"repeat","background-position":"center center","background-size":"auto","background-attachment":"scroll","background-type":"","background-media":"","overlay-type":"","overlay-color":"","overlay-opacity":"","overlay-gradient":""}},"footnotes":""},"class_list":["post-2787","page","type-page","status-publish","hentry"],"_links":{"self":[{"href":"https:\/\/hotelcis.pl\/de\/wp-json\/wp\/v2\/pages\/2787","targetHints":{"allow":["GET"]}}],"collection":[{"href":"https:\/\/hotelcis.pl\/de\/wp-json\/wp\/v2\/pages"}],"about":[{"href":"https:\/\/hotelcis.pl\/de\/wp-json\/wp\/v2\/types\/page"}],"author":[{"embeddable":true,"href":"https:\/\/hotelcis.pl\/de\/wp-json\/wp\/v2\/users\/1"}],"replies":[{"embeddable":true,"href":"https:\/\/hotelcis.pl\/de\/wp-json\/wp\/v2\/comments?post=2787"}],"version-history":[{"count":0,"href":"https:\/\/hotelcis.pl\/de\/wp-json\/wp\/v2\/pages\/2787\/revisions"}],"wp:attachment":[{"href":"https:\/\/hotelcis.pl\/de\/wp-json\/wp\/v2\/media?parent=2787"}],"curies":[{"name":"wp","href":"https:\/\/api.w.org\/{rel}","templated":true}]}}