{"id":2100,"date":"2024-02-12T10:59:50","date_gmt":"2024-02-12T09:59:50","guid":{"rendered":"https:\/\/hotelcis.pl\/?page_id=2100"},"modified":"2025-07-20T11:58:33","modified_gmt":"2025-07-20T09:58:33","slug":"galeria-cis-restauracja","status":"publish","type":"page","link":"https:\/\/hotelcis.pl\/de\/galeria-cis-restauracja\/","title":{"rendered":"Cis Galerie Restaurant"},"content":{"rendered":"<div data-elementor-type=\"wp-page\" data-elementor-id=\"2100\" class=\"elementor elementor-2100\" data-elementor-post-type=\"page\">\n\t\t\t\t<div class=\"elementor-element elementor-element-63815804 e-flex e-con-boxed e-con e-parent\" data-id=\"63815804\" data-element_type=\"container\" data-e-type=\"container\" data-settings=\"{&quot;background_background&quot;:&quot;classic&quot;}\">\n\t\t\t\t\t<div class=\"e-con-inner\">\n\t\t\t\t\t<\/div>\n\t\t\t\t<\/div>\n\t\t<div class=\"elementor-element elementor-element-cb0c4a3 e-flex e-con-boxed e-con e-parent\" data-id=\"cb0c4a3\" data-element_type=\"container\" data-e-type=\"container\">\n\t\t\t\t\t<div class=\"e-con-inner\">\n\t\t\t\t<div class=\"elementor-element elementor-element-37ad5d0 elementor-widget elementor-widget-heading\" data-id=\"37ad5d0\" data-element_type=\"widget\" data-e-type=\"widget\" data-widget_type=\"heading.default\">\n\t\t\t\t<div class=\"elementor-widget-container\">\n\t\t\t\t\t<h2 class=\"elementor-heading-title elementor-size-default\">Hotel Cis Restaurant<\/h2>\t\t\t\t<\/div>\n\t\t\t\t<\/div>\n\t\t\t\t<div class=\"elementor-element elementor-element-4f800f6 gallery-spacing-custom elementor-widget elementor-widget-image-gallery\" data-id=\"4f800f6\" data-element_type=\"widget\" data-e-type=\"widget\" data-widget_type=\"image-gallery.default\">\n\t\t\t\t<div class=\"elementor-widget-container\">\n\t\t\t\t\t\t\t<div class=\"elementor-image-gallery\">\n\t\t\t<div id='gallery-1' class='gallery galleryid-2100 gallery-columns-2 gallery-size-medium_large'><figure class='gallery-item'>\n\t\t\t<div class='gallery-icon landscape'>\n\t\t\t\t<a data-elementor-open-lightbox=\"yes\" data-elementor-lightbox-slideshow=\"4f800f6\" data-elementor-lightbox-title=\"bufet-sniadaniowy-w-hotelu-cis-swinoujscie\" data-e-action-hash=\"#elementor-action%3Aaction%3Dlightbox%26settings%3DeyJpZCI6MjEwMiwidXJsIjoiaHR0cHM6XC9cL2hvdGVsY2lzLnBsXC93cC1jb250ZW50XC91cGxvYWRzXC8yMDI0XC8wMlwvYnVmZXQtc25pYWRhbmlvd3ktdy1ob3RlbHUtY2lzLXN3aW5vdWpzY2llLndlYnAiLCJzbGlkZXNob3ciOiI0ZjgwMGY2In0%3D\" href='https:\/\/hotelcis.pl\/wp-content\/uploads\/2024\/02\/bufet-sniadaniowy-w-hotelu-cis-swinoujscie.webp'><img fetchpriority=\"high\" decoding=\"async\" width=\"768\" height=\"485\" src=\"https:\/\/hotelcis.pl\/wp-content\/uploads\/2024\/02\/bufet-sniadaniowy-w-hotelu-cis-swinoujscie-768x485.webp\" class=\"attachment-medium_large size-medium_large\" alt=\"\" srcset=\"https:\/\/hotelcis.pl\/wp-content\/uploads\/2024\/02\/bufet-sniadaniowy-w-hotelu-cis-swinoujscie-768x485.webp 768w, https:\/\/hotelcis.pl\/wp-content\/uploads\/2024\/02\/bufet-sniadaniowy-w-hotelu-cis-swinoujscie-300x189.webp 300w, https:\/\/hotelcis.pl\/wp-content\/uploads\/2024\/02\/bufet-sniadaniowy-w-hotelu-cis-swinoujscie.webp 900w\" sizes=\"(max-width: 768px) 100vw, 768px\" \/><\/a>\n\t\t\t<\/div><\/figure><figure class='gallery-item'>\n\t\t\t<div class='gallery-icon landscape'>\n\t\t\t\t<a data-elementor-open-lightbox=\"yes\" data-elementor-lightbox-slideshow=\"4f800f6\" data-elementor-lightbox-title=\"restauracja-hotelu-cis-swinoujscie\" data-e-action-hash=\"#elementor-action%3Aaction%3Dlightbox%26settings%3DeyJpZCI6MjEwMywidXJsIjoiaHR0cHM6XC9cL2hvdGVsY2lzLnBsXC93cC1jb250ZW50XC91cGxvYWRzXC8yMDI0XC8wMlwvcmVzdGF1cmFjamEtaG90ZWx1LWNpcy1zd2lub3Vqc2NpZS53ZWJwIiwic2xpZGVzaG93IjoiNGY4MDBmNiJ9\" href='https:\/\/hotelcis.pl\/wp-content\/uploads\/2024\/02\/restauracja-hotelu-cis-swinoujscie.webp'><img decoding=\"async\" width=\"768\" height=\"485\" data-src=\"https:\/\/hotelcis.pl\/wp-content\/uploads\/2024\/02\/restauracja-hotelu-cis-swinoujscie-768x485.webp\" class=\"attachment-medium_large size-medium_large lazyload\" alt=\"\" data-srcset=\"https:\/\/hotelcis.pl\/wp-content\/uploads\/2024\/02\/restauracja-hotelu-cis-swinoujscie-768x485.webp 768w, https:\/\/hotelcis.pl\/wp-content\/uploads\/2024\/02\/restauracja-hotelu-cis-swinoujscie-300x189.webp 300w, https:\/\/hotelcis.pl\/wp-content\/uploads\/2024\/02\/restauracja-hotelu-cis-swinoujscie.webp 900w\" data-sizes=\"(max-width: 768px) 100vw, 768px\" src=\"data:image\/gif;base64,R0lGODlhAQABAAAAACH5BAEKAAEALAAAAAABAAEAAAICTAEAOw==\" style=\"--smush-placeholder-width: 768px; --smush-placeholder-aspect-ratio: 768\/485;\" \/><noscript><img decoding=\"async\" width=\"768\" height=\"485\" src=\"https:\/\/hotelcis.pl\/wp-content\/uploads\/2024\/02\/restauracja-hotelu-cis-swinoujscie-768x485.webp\" class=\"attachment-medium_large size-medium_large\" alt=\"\" srcset=\"https:\/\/hotelcis.pl\/wp-content\/uploads\/2024\/02\/restauracja-hotelu-cis-swinoujscie-768x485.webp 768w, https:\/\/hotelcis.pl\/wp-content\/uploads\/2024\/02\/restauracja-hotelu-cis-swinoujscie-300x189.webp 300w, https:\/\/hotelcis.pl\/wp-content\/uploads\/2024\/02\/restauracja-hotelu-cis-swinoujscie.webp 900w\" sizes=\"(max-width: 768px) 100vw, 768px\" \/><\/noscript><\/a>\n\t\t\t<\/div><\/figure><figure class='gallery-item'>\n\t\t\t<div class='gallery-icon landscape'>\n\t\t\t\t<a data-elementor-open-lightbox=\"yes\" data-elementor-lightbox-slideshow=\"4f800f6\" data-elementor-lightbox-title=\"sezonowe-sniadania-w-hotelu-cis-swinoujscie\" data-e-action-hash=\"#elementor-action%3Aaction%3Dlightbox%26settings%3DeyJpZCI6MjEwNCwidXJsIjoiaHR0cHM6XC9cL2hvdGVsY2lzLnBsXC93cC1jb250ZW50XC91cGxvYWRzXC8yMDI0XC8wMlwvc2V6b25vd2Utc25pYWRhbmlhLXctaG90ZWx1LWNpcy1zd2lub3Vqc2NpZS53ZWJwIiwic2xpZGVzaG93IjoiNGY4MDBmNiJ9\" href='https:\/\/hotelcis.pl\/wp-content\/uploads\/2024\/02\/sezonowe-sniadania-w-hotelu-cis-swinoujscie.webp'><img decoding=\"async\" width=\"768\" height=\"323\" data-src=\"https:\/\/hotelcis.pl\/wp-content\/uploads\/2024\/02\/sezonowe-sniadania-w-hotelu-cis-swinoujscie-768x323.webp\" class=\"attachment-medium_large size-medium_large lazyload\" alt=\"\" data-srcset=\"https:\/\/hotelcis.pl\/wp-content\/uploads\/2024\/02\/sezonowe-sniadania-w-hotelu-cis-swinoujscie-768x323.webp 768w, https:\/\/hotelcis.pl\/wp-content\/uploads\/2024\/02\/sezonowe-sniadania-w-hotelu-cis-swinoujscie-300x126.webp 300w, https:\/\/hotelcis.pl\/wp-content\/uploads\/2024\/02\/sezonowe-sniadania-w-hotelu-cis-swinoujscie.webp 900w\" data-sizes=\"(max-width: 768px) 100vw, 768px\" src=\"data:image\/gif;base64,R0lGODlhAQABAAAAACH5BAEKAAEALAAAAAABAAEAAAICTAEAOw==\" style=\"--smush-placeholder-width: 768px; --smush-placeholder-aspect-ratio: 768\/323;\" \/><noscript><img decoding=\"async\" width=\"768\" height=\"323\" src=\"https:\/\/hotelcis.pl\/wp-content\/uploads\/2024\/02\/sezonowe-sniadania-w-hotelu-cis-swinoujscie-768x323.webp\" class=\"attachment-medium_large size-medium_large\" alt=\"\" srcset=\"https:\/\/hotelcis.pl\/wp-content\/uploads\/2024\/02\/sezonowe-sniadania-w-hotelu-cis-swinoujscie-768x323.webp 768w, https:\/\/hotelcis.pl\/wp-content\/uploads\/2024\/02\/sezonowe-sniadania-w-hotelu-cis-swinoujscie-300x126.webp 300w, https:\/\/hotelcis.pl\/wp-content\/uploads\/2024\/02\/sezonowe-sniadania-w-hotelu-cis-swinoujscie.webp 900w\" sizes=\"(max-width: 768px) 100vw, 768px\" \/><\/noscript><\/a>\n\t\t\t<\/div><\/figure><figure class='gallery-item'>\n\t\t\t<div class='gallery-icon landscape'>\n\t\t\t\t<a data-elementor-open-lightbox=\"yes\" data-elementor-lightbox-slideshow=\"4f800f6\" data-elementor-lightbox-title=\"sezonowy-bufet-sniadaniowy-w-hotelu-cis-swinoujscie\" data-e-action-hash=\"#elementor-action%3Aaction%3Dlightbox%26settings%3DeyJpZCI6MjEwNSwidXJsIjoiaHR0cHM6XC9cL2hvdGVsY2lzLnBsXC93cC1jb250ZW50XC91cGxvYWRzXC8yMDI0XC8wMlwvc2V6b25vd3ktYnVmZXQtc25pYWRhbmlvd3ktdy1ob3RlbHUtY2lzLXN3aW5vdWpzY2llLndlYnAiLCJzbGlkZXNob3ciOiI0ZjgwMGY2In0%3D\" href='https:\/\/hotelcis.pl\/wp-content\/uploads\/2024\/02\/sezonowy-bufet-sniadaniowy-w-hotelu-cis-swinoujscie.webp'><img loading=\"lazy\" decoding=\"async\" width=\"768\" height=\"333\" data-src=\"https:\/\/hotelcis.pl\/wp-content\/uploads\/2024\/02\/sezonowy-bufet-sniadaniowy-w-hotelu-cis-swinoujscie-768x333.webp\" class=\"attachment-medium_large size-medium_large lazyload\" alt=\"\" data-srcset=\"https:\/\/hotelcis.pl\/wp-content\/uploads\/2024\/02\/sezonowy-bufet-sniadaniowy-w-hotelu-cis-swinoujscie-768x333.webp 768w, https:\/\/hotelcis.pl\/wp-content\/uploads\/2024\/02\/sezonowy-bufet-sniadaniowy-w-hotelu-cis-swinoujscie-300x130.webp 300w, https:\/\/hotelcis.pl\/wp-content\/uploads\/2024\/02\/sezonowy-bufet-sniadaniowy-w-hotelu-cis-swinoujscie.webp 900w\" data-sizes=\"(max-width: 768px) 100vw, 768px\" src=\"data:image\/gif;base64,R0lGODlhAQABAAAAACH5BAEKAAEALAAAAAABAAEAAAICTAEAOw==\" style=\"--smush-placeholder-width: 768px; --smush-placeholder-aspect-ratio: 768\/333;\" \/><noscript><img loading=\"lazy\" decoding=\"async\" width=\"768\" height=\"333\" src=\"https:\/\/hotelcis.pl\/wp-content\/uploads\/2024\/02\/sezonowy-bufet-sniadaniowy-w-hotelu-cis-swinoujscie-768x333.webp\" class=\"attachment-medium_large size-medium_large\" alt=\"\" srcset=\"https:\/\/hotelcis.pl\/wp-content\/uploads\/2024\/02\/sezonowy-bufet-sniadaniowy-w-hotelu-cis-swinoujscie-768x333.webp 768w, https:\/\/hotelcis.pl\/wp-content\/uploads\/2024\/02\/sezonowy-bufet-sniadaniowy-w-hotelu-cis-swinoujscie-300x130.webp 300w, https:\/\/hotelcis.pl\/wp-content\/uploads\/2024\/02\/sezonowy-bufet-sniadaniowy-w-hotelu-cis-swinoujscie.webp 900w\" sizes=\"(max-width: 768px) 100vw, 768px\" \/><\/noscript><\/a>\n\t\t\t<\/div><\/figure><figure class='gallery-item'>\n\t\t\t<div class='gallery-icon landscape'>\n\t\t\t\t<a data-elementor-open-lightbox=\"yes\" data-elementor-lightbox-slideshow=\"4f800f6\" data-elementor-lightbox-title=\"warzywai-owoce-sniadania-w-hotelu-cis-swinoujscie\" data-e-action-hash=\"#elementor-action%3Aaction%3Dlightbox%26settings%3DeyJpZCI6MjEwNiwidXJsIjoiaHR0cHM6XC9cL2hvdGVsY2lzLnBsXC93cC1jb250ZW50XC91cGxvYWRzXC8yMDI0XC8wMlwvd2Fyenl3YWktb3dvY2Utc25pYWRhbmlhLXctaG90ZWx1LWNpcy1zd2lub3Vqc2NpZS53ZWJwIiwic2xpZGVzaG93IjoiNGY4MDBmNiJ9\" href='https:\/\/hotelcis.pl\/wp-content\/uploads\/2024\/02\/warzywai-owoce-sniadania-w-hotelu-cis-swinoujscie.webp'><img loading=\"lazy\" decoding=\"async\" width=\"768\" height=\"485\" data-src=\"https:\/\/hotelcis.pl\/wp-content\/uploads\/2024\/02\/warzywai-owoce-sniadania-w-hotelu-cis-swinoujscie-768x485.webp\" class=\"attachment-medium_large size-medium_large lazyload\" alt=\"\" data-srcset=\"https:\/\/hotelcis.pl\/wp-content\/uploads\/2024\/02\/warzywai-owoce-sniadania-w-hotelu-cis-swinoujscie-768x485.webp 768w, https:\/\/hotelcis.pl\/wp-content\/uploads\/2024\/02\/warzywai-owoce-sniadania-w-hotelu-cis-swinoujscie-300x189.webp 300w, https:\/\/hotelcis.pl\/wp-content\/uploads\/2024\/02\/warzywai-owoce-sniadania-w-hotelu-cis-swinoujscie.webp 900w\" data-sizes=\"(max-width: 768px) 100vw, 768px\" src=\"data:image\/gif;base64,R0lGODlhAQABAAAAACH5BAEKAAEALAAAAAABAAEAAAICTAEAOw==\" style=\"--smush-placeholder-width: 768px; --smush-placeholder-aspect-ratio: 768\/485;\" \/><noscript><img loading=\"lazy\" decoding=\"async\" width=\"768\" height=\"485\" src=\"https:\/\/hotelcis.pl\/wp-content\/uploads\/2024\/02\/warzywai-owoce-sniadania-w-hotelu-cis-swinoujscie-768x485.webp\" class=\"attachment-medium_large size-medium_large\" alt=\"\" srcset=\"https:\/\/hotelcis.pl\/wp-content\/uploads\/2024\/02\/warzywai-owoce-sniadania-w-hotelu-cis-swinoujscie-768x485.webp 768w, https:\/\/hotelcis.pl\/wp-content\/uploads\/2024\/02\/warzywai-owoce-sniadania-w-hotelu-cis-swinoujscie-300x189.webp 300w, https:\/\/hotelcis.pl\/wp-content\/uploads\/2024\/02\/warzywai-owoce-sniadania-w-hotelu-cis-swinoujscie.webp 900w\" sizes=\"(max-width: 768px) 100vw, 768px\" \/><\/noscript><\/a>\n\t\t\t<\/div><\/figure><figure class='gallery-item'>\n\t\t\t<div class='gallery-icon landscape'>\n\t\t\t\t<a data-elementor-open-lightbox=\"yes\" data-elementor-lightbox-slideshow=\"4f800f6\" data-elementor-lightbox-title=\"wedliny-na-sniadanie-hotel-cis-swinoujscie\" data-e-action-hash=\"#elementor-action%3Aaction%3Dlightbox%26settings%3DeyJpZCI6MjEwNywidXJsIjoiaHR0cHM6XC9cL2hvdGVsY2lzLnBsXC93cC1jb250ZW50XC91cGxvYWRzXC8yMDI0XC8wMlwvd2VkbGlueS1uYS1zbmlhZGFuaWUtaG90ZWwtY2lzLXN3aW5vdWpzY2llLndlYnAiLCJzbGlkZXNob3ciOiI0ZjgwMGY2In0%3D\" href='https:\/\/hotelcis.pl\/wp-content\/uploads\/2024\/02\/wedliny-na-sniadanie-hotel-cis-swinoujscie.webp'><img loading=\"lazy\" decoding=\"async\" width=\"768\" height=\"485\" data-src=\"https:\/\/hotelcis.pl\/wp-content\/uploads\/2024\/02\/wedliny-na-sniadanie-hotel-cis-swinoujscie-768x485.webp\" class=\"attachment-medium_large size-medium_large lazyload\" alt=\"\" data-srcset=\"https:\/\/hotelcis.pl\/wp-content\/uploads\/2024\/02\/wedliny-na-sniadanie-hotel-cis-swinoujscie-768x485.webp 768w, https:\/\/hotelcis.pl\/wp-content\/uploads\/2024\/02\/wedliny-na-sniadanie-hotel-cis-swinoujscie-300x189.webp 300w, https:\/\/hotelcis.pl\/wp-content\/uploads\/2024\/02\/wedliny-na-sniadanie-hotel-cis-swinoujscie.webp 900w\" data-sizes=\"(max-width: 768px) 100vw, 768px\" src=\"data:image\/gif;base64,R0lGODlhAQABAAAAACH5BAEKAAEALAAAAAABAAEAAAICTAEAOw==\" style=\"--smush-placeholder-width: 768px; --smush-placeholder-aspect-ratio: 768\/485;\" \/><noscript><img loading=\"lazy\" decoding=\"async\" width=\"768\" height=\"485\" src=\"https:\/\/hotelcis.pl\/wp-content\/uploads\/2024\/02\/wedliny-na-sniadanie-hotel-cis-swinoujscie-768x485.webp\" class=\"attachment-medium_large size-medium_large\" alt=\"\" srcset=\"https:\/\/hotelcis.pl\/wp-content\/uploads\/2024\/02\/wedliny-na-sniadanie-hotel-cis-swinoujscie-768x485.webp 768w, https:\/\/hotelcis.pl\/wp-content\/uploads\/2024\/02\/wedliny-na-sniadanie-hotel-cis-swinoujscie-300x189.webp 300w, https:\/\/hotelcis.pl\/wp-content\/uploads\/2024\/02\/wedliny-na-sniadanie-hotel-cis-swinoujscie.webp 900w\" sizes=\"(max-width: 768px) 100vw, 768px\" \/><\/noscript><\/a>\n\t\t\t<\/div><\/figure>\n\t\t<\/div>\n\t\t<\/div>\n\t\t\t\t\t\t<\/div>\n\t\t\t\t<\/div>\n\t\t\t\t\t<\/div>\n\t\t\t\t<\/div>\n\t\t<div class=\"elementor-element elementor-element-19723c03 e-flex e-con-boxed e-con e-parent\" data-id=\"19723c03\" data-element_type=\"container\" data-e-type=\"container\" data-settings=\"{&quot;background_background&quot;:&quot;classic&quot;}\">\n\t\t\t\t\t<div class=\"e-con-inner\">\n\t\t<div class=\"elementor-element elementor-element-54d14aeb e-con-full e-flex e-con e-child\" data-id=\"54d14aeb\" data-element_type=\"container\" data-e-type=\"container\" data-settings=\"{&quot;background_background&quot;:&quot;classic&quot;}\">\n\t\t<div class=\"elementor-element elementor-element-366b2291 e-con-full e-flex e-con e-child\" data-id=\"366b2291\" data-element_type=\"container\" data-e-type=\"container\">\n\t\t\t\t<div class=\"elementor-element elementor-element-49fff92d elementor-widget elementor-widget-heading\" data-id=\"49fff92d\" data-element_type=\"widget\" data-e-type=\"widget\" data-widget_type=\"heading.default\">\n\t\t\t\t<div class=\"elementor-widget-container\">\n\t\t\t\t\t<h3 class=\"elementor-heading-title elementor-size-default\">Sind Sie an unserem Angebot interessiert?<\/h3>\t\t\t\t<\/div>\n\t\t\t\t<\/div>\n\t\t\t\t<div class=\"elementor-element elementor-element-619f8319 elementor-widget elementor-widget-text-editor\" data-id=\"619f8319\" data-element_type=\"widget\" data-e-type=\"widget\" data-widget_type=\"text-editor.default\">\n\t\t\t\t<div class=\"elementor-widget-container\">\n\t\t\t\t\t\t\t\t\t<p>Wenn Sie direkt \u00fcber unsere Website oder per Telefon buchen, k\u00f6nnen Sie sparen <strong>bis zu einem Maximum von 10%<\/strong>. Sonderangebote und Rabatte auf <strong>nicht<\/strong> sind jederzeit verf\u00fcgbar, aber wenn Sie telefonisch buchen, k\u00f6nnen Sie immer nach einem Rabatt fragen - das ist oft m\u00f6glich.<\/p>\t\t\t\t\t\t\t\t<\/div>\n\t\t\t\t<\/div>\n\t\t\t\t<\/div>\n\t\t<div class=\"elementor-element elementor-element-63498804 e-con-full e-flex e-con e-child\" data-id=\"63498804\" data-element_type=\"container\" data-e-type=\"container\">\n\t\t\t\t<div class=\"elementor-element elementor-element-26c5a855 elementor-align-right elementor-tablet-align-center elementor-widget elementor-widget-button\" data-id=\"26c5a855\" data-element_type=\"widget\" data-e-type=\"widget\" data-widget_type=\"button.default\">\n\t\t\t\t<div class=\"elementor-widget-container\">\n\t\t\t\t\t\t\t\t\t<div class=\"elementor-button-wrapper\">\n\t\t\t\t\t<a class=\"elementor-button elementor-button-link elementor-size-sm\" href=\"tel: 48913212114\">\n\t\t\t\t\t\t<span class=\"elementor-button-content-wrapper\">\n\t\t\t\t\t\t\t\t\t<span class=\"elementor-button-text\">(+48) 91  321 21 14<\/span>\n\t\t\t\t\t<\/span>\n\t\t\t\t\t<\/a>\n\t\t\t\t<\/div>\n\t\t\t\t\t\t\t\t<\/div>\n\t\t\t\t<\/div>\n\t\t\t\t<\/div>\n\t\t\t\t<\/div>\n\t\t\t\t\t<\/div>\n\t\t\t\t<\/div>\n\t\t\t\t<\/div>","protected":false},"excerpt":{"rendered":"<p>Hotel Cis Restaurant Sind Sie an unserem Angebot interessiert? Wenn Sie direkt \u00fcber unsere Website oder per Telefon buchen, k\u00f6nnen Sie bis zu 10% sparen. Aktionen und Rabatte auf der Website sind nicht immer verf\u00fcgbar, aber bei telefonischer Buchung k\u00f6nnen Sie immer nach einem Rabatt fragen - es ist oft m\u00f6glich. (+48) 91 321 21 14<\/p>","protected":false},"author":1,"featured_media":0,"parent":0,"menu_order":0,"comment_status":"closed","ping_status":"closed","template":"","meta":{"site-sidebar-layout":"no-sidebar","site-content-layout":"page-builder","ast-site-content-layout":"full-width-container","site-content-style":"default","site-sidebar-style":"default","ast-global-header-display":"","ast-banner-title-visibility":"","ast-main-header-display":"","ast-hfb-above-header-display":"","ast-hfb-below-header-display":"","ast-hfb-mobile-header-display":"","site-post-title":"disabled","ast-breadcrumbs-content":"","ast-featured-img":"disabled","footer-sml-layout":"","ast-disable-related-posts":"","theme-transparent-header-meta":"","adv-header-id-meta":"","stick-header-meta":"","header-above-stick-meta":"","header-main-stick-meta":"","header-below-stick-meta":"","astra-migrate-meta-layouts":"set","ast-page-background-enabled":"default","ast-page-background-meta":{"desktop":{"background-color":"","background-image":"","background-repeat":"repeat","background-position":"center center","background-size":"auto","background-attachment":"scroll","background-type":"","background-media":"","overlay-type":"","overlay-color":"","overlay-opacity":"","overlay-gradient":""},"tablet":{"background-color":"","background-image":"","background-repeat":"repeat","background-position":"center center","background-size":"auto","background-attachment":"scroll","background-type":"","background-media":"","overlay-type":"","overlay-color":"","overlay-opacity":"","overlay-gradient":""},"mobile":{"background-color":"","background-image":"","background-repeat":"repeat","background-position":"center center","background-size":"auto","background-attachment":"scroll","background-type":"","background-media":"","overlay-type":"","overlay-color":"","overlay-opacity":"","overlay-gradient":""}},"ast-content-background-meta":{"desktop":{"background-color":"var(--ast-global-color-5)","background-image":"","background-repeat":"repeat","background-position":"center center","background-size":"auto","background-attachment":"scroll","background-type":"","background-media":"","overlay-type":"","overlay-color":"","overlay-opacity":"","overlay-gradient":""},"tablet":{"background-color":"var(--ast-global-color-5)","background-image":"","background-repeat":"repeat","background-position":"center center","background-size":"auto","background-attachment":"scroll","background-type":"","background-media":"","overlay-type":"","overlay-color":"","overlay-opacity":"","overlay-gradient":""},"mobile":{"background-color":"var(--ast-global-color-5)","background-image":"","background-repeat":"repeat","background-position":"center center","background-size":"auto","background-attachment":"scroll","background-type":"","background-media":"","overlay-type":"","overlay-color":"","overlay-opacity":"","overlay-gradient":""}},"footnotes":""},"class_list":["post-2100","page","type-page","status-publish","hentry"],"_links":{"self":[{"href":"https:\/\/hotelcis.pl\/de\/wp-json\/wp\/v2\/pages\/2100","targetHints":{"allow":["GET"]}}],"collection":[{"href":"https:\/\/hotelcis.pl\/de\/wp-json\/wp\/v2\/pages"}],"about":[{"href":"https:\/\/hotelcis.pl\/de\/wp-json\/wp\/v2\/types\/page"}],"author":[{"embeddable":true,"href":"https:\/\/hotelcis.pl\/de\/wp-json\/wp\/v2\/users\/1"}],"replies":[{"embeddable":true,"href":"https:\/\/hotelcis.pl\/de\/wp-json\/wp\/v2\/comments?post=2100"}],"version-history":[{"count":3,"href":"https:\/\/hotelcis.pl\/de\/wp-json\/wp\/v2\/pages\/2100\/revisions"}],"predecessor-version":[{"id":3950,"href":"https:\/\/hotelcis.pl\/de\/wp-json\/wp\/v2\/pages\/2100\/revisions\/3950"}],"wp:attachment":[{"href":"https:\/\/hotelcis.pl\/de\/wp-json\/wp\/v2\/media?parent=2100"}],"curies":[{"name":"wp","href":"https:\/\/api.w.org\/{rel}","templated":true}]}}