{"id":2057,"date":"2024-02-12T10:36:24","date_gmt":"2024-02-12T09:36:24","guid":{"rendered":"https:\/\/hotelcis.pl\/?page_id=2057"},"modified":"2025-07-20T11:57:44","modified_gmt":"2025-07-20T09:57:44","slug":"galeria-cis-hotel","status":"publish","type":"page","link":"https:\/\/hotelcis.pl\/de\/galeria-cis-hotel\/","title":{"rendered":"Galerie Cis Hotel"},"content":{"rendered":"<div data-elementor-type=\"wp-page\" data-elementor-id=\"2057\" class=\"elementor elementor-2057\" data-elementor-post-type=\"page\">\n\t\t\t\t<div class=\"elementor-element elementor-element-18f6350 e-flex e-con-boxed e-con e-parent\" data-id=\"18f6350\" data-element_type=\"container\" data-e-type=\"container\" data-settings=\"{&quot;background_background&quot;:&quot;classic&quot;}\">\n\t\t\t\t\t<div class=\"e-con-inner\">\n\t\t\t\t\t<\/div>\n\t\t\t\t<\/div>\n\t\t<div class=\"elementor-element elementor-element-3fe65f9 e-flex e-con-boxed e-con e-parent\" data-id=\"3fe65f9\" data-element_type=\"container\" data-e-type=\"container\">\n\t\t\t\t\t<div class=\"e-con-inner\">\n\t\t\t\t<div class=\"elementor-element elementor-element-1f35d64 elementor-widget elementor-widget-heading\" data-id=\"1f35d64\" data-element_type=\"widget\" data-e-type=\"widget\" data-widget_type=\"heading.default\">\n\t\t\t\t<div class=\"elementor-widget-container\">\n\t\t\t\t\t<h2 class=\"elementor-heading-title elementor-size-default\">Hotel Cis au\u00dfen<\/h2>\t\t\t\t<\/div>\n\t\t\t\t<\/div>\n\t\t\t\t<div class=\"elementor-element elementor-element-3dc98e1 gallery-spacing-custom elementor-widget elementor-widget-image-gallery\" data-id=\"3dc98e1\" data-element_type=\"widget\" data-e-type=\"widget\" data-widget_type=\"image-gallery.default\">\n\t\t\t\t<div class=\"elementor-widget-container\">\n\t\t\t\t\t\t\t<div class=\"elementor-image-gallery\">\n\t\t\t<div id='gallery-1' class='gallery galleryid-2057 gallery-columns-2 gallery-size-medium_large'><figure class='gallery-item'>\n\t\t\t<div class='gallery-icon portrait'>\n\t\t\t\t<a data-elementor-open-lightbox=\"yes\" data-elementor-lightbox-slideshow=\"3dc98e1\" data-elementor-lightbox-title=\"wejscie-do-hotelu-cis-swinoujscie\" data-e-action-hash=\"#elementor-action%3Aaction%3Dlightbox%26settings%3DeyJpZCI6MjA2NSwidXJsIjoiaHR0cHM6XC9cL2hvdGVsY2lzLnBsXC93cC1jb250ZW50XC91cGxvYWRzXC8yMDI0XC8wMlwvd2Vqc2NpZS1kby1ob3RlbHUtY2lzLXN3aW5vdWpzY2llLndlYnAiLCJzbGlkZXNob3ciOiIzZGM5OGUxIn0%3D\" href='https:\/\/hotelcis.pl\/wp-content\/uploads\/2024\/02\/wejscie-do-hotelu-cis-swinoujscie.webp'><img fetchpriority=\"high\" decoding=\"async\" width=\"568\" height=\"900\" src=\"https:\/\/hotelcis.pl\/wp-content\/uploads\/2024\/02\/wejscie-do-hotelu-cis-swinoujscie.webp\" class=\"attachment-medium_large size-medium_large\" alt=\"\" srcset=\"https:\/\/hotelcis.pl\/wp-content\/uploads\/2024\/02\/wejscie-do-hotelu-cis-swinoujscie.webp 568w, https:\/\/hotelcis.pl\/wp-content\/uploads\/2024\/02\/wejscie-do-hotelu-cis-swinoujscie-189x300.webp 189w\" sizes=\"(max-width: 568px) 100vw, 568px\" \/><\/a>\n\t\t\t<\/div><\/figure><figure class='gallery-item'>\n\t\t\t<div class='gallery-icon portrait'>\n\t\t\t\t<a data-elementor-open-lightbox=\"yes\" data-elementor-lightbox-slideshow=\"3dc98e1\" data-elementor-lightbox-title=\"hotel-cis-swinoujscie-widok-z-tylu\" data-e-action-hash=\"#elementor-action%3Aaction%3Dlightbox%26settings%3DeyJpZCI6MjA2NCwidXJsIjoiaHR0cHM6XC9cL2hvdGVsY2lzLnBsXC93cC1jb250ZW50XC91cGxvYWRzXC8yMDI0XC8wMlwvaG90ZWwtY2lzLXN3aW5vdWpzY2llLXdpZG9rLXotdHlsdS53ZWJwIiwic2xpZGVzaG93IjoiM2RjOThlMSJ9\" href='https:\/\/hotelcis.pl\/wp-content\/uploads\/2024\/02\/hotel-cis-swinoujscie-widok-z-tylu.webp'><img decoding=\"async\" width=\"568\" height=\"900\" data-src=\"https:\/\/hotelcis.pl\/wp-content\/uploads\/2024\/02\/hotel-cis-swinoujscie-widok-z-tylu.webp\" class=\"attachment-medium_large size-medium_large lazyload\" alt=\"\" data-srcset=\"https:\/\/hotelcis.pl\/wp-content\/uploads\/2024\/02\/hotel-cis-swinoujscie-widok-z-tylu.webp 568w, https:\/\/hotelcis.pl\/wp-content\/uploads\/2024\/02\/hotel-cis-swinoujscie-widok-z-tylu-189x300.webp 189w\" data-sizes=\"(max-width: 568px) 100vw, 568px\" src=\"data:image\/gif;base64,R0lGODlhAQABAAAAACH5BAEKAAEALAAAAAABAAEAAAICTAEAOw==\" style=\"--smush-placeholder-width: 568px; --smush-placeholder-aspect-ratio: 568\/900;\" \/><noscript><img decoding=\"async\" width=\"568\" height=\"900\" src=\"https:\/\/hotelcis.pl\/wp-content\/uploads\/2024\/02\/hotel-cis-swinoujscie-widok-z-tylu.webp\" class=\"attachment-medium_large size-medium_large\" alt=\"\" srcset=\"https:\/\/hotelcis.pl\/wp-content\/uploads\/2024\/02\/hotel-cis-swinoujscie-widok-z-tylu.webp 568w, https:\/\/hotelcis.pl\/wp-content\/uploads\/2024\/02\/hotel-cis-swinoujscie-widok-z-tylu-189x300.webp 189w\" sizes=\"(max-width: 568px) 100vw, 568px\" \/><\/noscript><\/a>\n\t\t\t<\/div><\/figure><figure class='gallery-item'>\n\t\t\t<div class='gallery-icon portrait'>\n\t\t\t\t<a data-elementor-open-lightbox=\"yes\" data-elementor-lightbox-slideshow=\"3dc98e1\" data-elementor-lightbox-title=\"hotel-cis-swinoujscie-widok-z-boku-balkony\" data-e-action-hash=\"#elementor-action%3Aaction%3Dlightbox%26settings%3DeyJpZCI6MjA2MywidXJsIjoiaHR0cHM6XC9cL2hvdGVsY2lzLnBsXC93cC1jb250ZW50XC91cGxvYWRzXC8yMDI0XC8wMlwvaG90ZWwtY2lzLXN3aW5vdWpzY2llLXdpZG9rLXotYm9rdS1iYWxrb255LndlYnAiLCJzbGlkZXNob3ciOiIzZGM5OGUxIn0%3D\" href='https:\/\/hotelcis.pl\/wp-content\/uploads\/2024\/02\/hotel-cis-swinoujscie-widok-z-boku-balkony.webp'><img decoding=\"async\" width=\"568\" height=\"900\" data-src=\"https:\/\/hotelcis.pl\/wp-content\/uploads\/2024\/02\/hotel-cis-swinoujscie-widok-z-boku-balkony.webp\" class=\"attachment-medium_large size-medium_large lazyload\" alt=\"\" data-srcset=\"https:\/\/hotelcis.pl\/wp-content\/uploads\/2024\/02\/hotel-cis-swinoujscie-widok-z-boku-balkony.webp 568w, https:\/\/hotelcis.pl\/wp-content\/uploads\/2024\/02\/hotel-cis-swinoujscie-widok-z-boku-balkony-189x300.webp 189w\" data-sizes=\"(max-width: 568px) 100vw, 568px\" src=\"data:image\/gif;base64,R0lGODlhAQABAAAAACH5BAEKAAEALAAAAAABAAEAAAICTAEAOw==\" style=\"--smush-placeholder-width: 568px; --smush-placeholder-aspect-ratio: 568\/900;\" \/><noscript><img decoding=\"async\" width=\"568\" height=\"900\" src=\"https:\/\/hotelcis.pl\/wp-content\/uploads\/2024\/02\/hotel-cis-swinoujscie-widok-z-boku-balkony.webp\" class=\"attachment-medium_large size-medium_large\" alt=\"\" srcset=\"https:\/\/hotelcis.pl\/wp-content\/uploads\/2024\/02\/hotel-cis-swinoujscie-widok-z-boku-balkony.webp 568w, https:\/\/hotelcis.pl\/wp-content\/uploads\/2024\/02\/hotel-cis-swinoujscie-widok-z-boku-balkony-189x300.webp 189w\" sizes=\"(max-width: 568px) 100vw, 568px\" \/><\/noscript><\/a>\n\t\t\t<\/div><\/figure><figure class='gallery-item'>\n\t\t\t<div class='gallery-icon portrait'>\n\t\t\t\t<a data-elementor-open-lightbox=\"yes\" data-elementor-lightbox-slideshow=\"3dc98e1\" data-elementor-lightbox-title=\"hotel-cis-swinoujscie-tyl-budynku\" data-e-action-hash=\"#elementor-action%3Aaction%3Dlightbox%26settings%3DeyJpZCI6MjA2MiwidXJsIjoiaHR0cHM6XC9cL2hvdGVsY2lzLnBsXC93cC1jb250ZW50XC91cGxvYWRzXC8yMDI0XC8wMlwvaG90ZWwtY2lzLXN3aW5vdWpzY2llLXR5bC1idWR5bmt1LndlYnAiLCJzbGlkZXNob3ciOiIzZGM5OGUxIn0%3D\" href='https:\/\/hotelcis.pl\/wp-content\/uploads\/2024\/02\/hotel-cis-swinoujscie-tyl-budynku.webp'><img loading=\"lazy\" decoding=\"async\" width=\"568\" height=\"900\" data-src=\"https:\/\/hotelcis.pl\/wp-content\/uploads\/2024\/02\/hotel-cis-swinoujscie-tyl-budynku.webp\" class=\"attachment-medium_large size-medium_large lazyload\" alt=\"\" data-srcset=\"https:\/\/hotelcis.pl\/wp-content\/uploads\/2024\/02\/hotel-cis-swinoujscie-tyl-budynku.webp 568w, https:\/\/hotelcis.pl\/wp-content\/uploads\/2024\/02\/hotel-cis-swinoujscie-tyl-budynku-189x300.webp 189w\" data-sizes=\"(max-width: 568px) 100vw, 568px\" src=\"data:image\/gif;base64,R0lGODlhAQABAAAAACH5BAEKAAEALAAAAAABAAEAAAICTAEAOw==\" style=\"--smush-placeholder-width: 568px; --smush-placeholder-aspect-ratio: 568\/900;\" \/><noscript><img loading=\"lazy\" decoding=\"async\" width=\"568\" height=\"900\" src=\"https:\/\/hotelcis.pl\/wp-content\/uploads\/2024\/02\/hotel-cis-swinoujscie-tyl-budynku.webp\" class=\"attachment-medium_large size-medium_large\" alt=\"\" srcset=\"https:\/\/hotelcis.pl\/wp-content\/uploads\/2024\/02\/hotel-cis-swinoujscie-tyl-budynku.webp 568w, https:\/\/hotelcis.pl\/wp-content\/uploads\/2024\/02\/hotel-cis-swinoujscie-tyl-budynku-189x300.webp 189w\" sizes=\"(max-width: 568px) 100vw, 568px\" \/><\/noscript><\/a>\n\t\t\t<\/div><\/figure><figure class='gallery-item'>\n\t\t\t<div class='gallery-icon landscape'>\n\t\t\t\t<a data-elementor-open-lightbox=\"yes\" data-elementor-lightbox-slideshow=\"3dc98e1\" data-elementor-lightbox-title=\"hotel-cis-swinoujscie-widok-pomieszczenie-na-rowery\" data-e-action-hash=\"#elementor-action%3Aaction%3Dlightbox%26settings%3DeyJpZCI6MjA2NiwidXJsIjoiaHR0cHM6XC9cL2hvdGVsY2lzLnBsXC93cC1jb250ZW50XC91cGxvYWRzXC8yMDI0XC8wMlwvaG90ZWwtY2lzLXN3aW5vdWpzY2llLXdpZG9rLXBvbWllc3pjemVuaWUtbmEtcm93ZXJ5LmpwZyIsInNsaWRlc2hvdyI6IjNkYzk4ZTEifQ%3D%3D\" href='https:\/\/hotelcis.pl\/wp-content\/uploads\/2024\/02\/hotel-cis-swinoujscie-widok-pomieszczenie-na-rowery.jpg'><img loading=\"lazy\" decoding=\"async\" width=\"768\" height=\"512\" data-src=\"https:\/\/hotelcis.pl\/wp-content\/uploads\/2024\/02\/hotel-cis-swinoujscie-widok-pomieszczenie-na-rowery-768x512.jpg\" class=\"attachment-medium_large size-medium_large lazyload\" alt=\"\" data-srcset=\"https:\/\/hotelcis.pl\/wp-content\/uploads\/2024\/02\/hotel-cis-swinoujscie-widok-pomieszczenie-na-rowery-768x512.jpg 768w, https:\/\/hotelcis.pl\/wp-content\/uploads\/2024\/02\/hotel-cis-swinoujscie-widok-pomieszczenie-na-rowery-300x200.jpg 300w, https:\/\/hotelcis.pl\/wp-content\/uploads\/2024\/02\/hotel-cis-swinoujscie-widok-pomieszczenie-na-rowery.jpg 900w\" data-sizes=\"(max-width: 768px) 100vw, 768px\" src=\"data:image\/gif;base64,R0lGODlhAQABAAAAACH5BAEKAAEALAAAAAABAAEAAAICTAEAOw==\" style=\"--smush-placeholder-width: 768px; --smush-placeholder-aspect-ratio: 768\/512;\" \/><noscript><img loading=\"lazy\" decoding=\"async\" width=\"768\" height=\"512\" src=\"https:\/\/hotelcis.pl\/wp-content\/uploads\/2024\/02\/hotel-cis-swinoujscie-widok-pomieszczenie-na-rowery-768x512.jpg\" class=\"attachment-medium_large size-medium_large\" alt=\"\" srcset=\"https:\/\/hotelcis.pl\/wp-content\/uploads\/2024\/02\/hotel-cis-swinoujscie-widok-pomieszczenie-na-rowery-768x512.jpg 768w, https:\/\/hotelcis.pl\/wp-content\/uploads\/2024\/02\/hotel-cis-swinoujscie-widok-pomieszczenie-na-rowery-300x200.jpg 300w, https:\/\/hotelcis.pl\/wp-content\/uploads\/2024\/02\/hotel-cis-swinoujscie-widok-pomieszczenie-na-rowery.jpg 900w\" sizes=\"(max-width: 768px) 100vw, 768px\" \/><\/noscript><\/a>\n\t\t\t<\/div><\/figure><figure class='gallery-item'>\n\t\t\t<div class='gallery-icon landscape'>\n\t\t\t\t<a data-elementor-open-lightbox=\"yes\" data-elementor-lightbox-slideshow=\"3dc98e1\" data-elementor-lightbox-title=\"hotel-cis-swinoujscie-widok-rowerownia-parking\" data-e-action-hash=\"#elementor-action%3Aaction%3Dlightbox%26settings%3DeyJpZCI6MjA2NywidXJsIjoiaHR0cHM6XC9cL2hvdGVsY2lzLnBsXC93cC1jb250ZW50XC91cGxvYWRzXC8yMDI0XC8wMlwvaG90ZWwtY2lzLXN3aW5vdWpzY2llLXdpZG9rLXJvd2Vyb3duaWEtcGFya2luZy5qcGciLCJzbGlkZXNob3ciOiIzZGM5OGUxIn0%3D\" href='https:\/\/hotelcis.pl\/wp-content\/uploads\/2024\/02\/hotel-cis-swinoujscie-widok-rowerownia-parking.jpg'><img loading=\"lazy\" decoding=\"async\" width=\"768\" height=\"512\" data-src=\"https:\/\/hotelcis.pl\/wp-content\/uploads\/2024\/02\/hotel-cis-swinoujscie-widok-rowerownia-parking-768x512.jpg\" class=\"attachment-medium_large size-medium_large lazyload\" alt=\"\" data-srcset=\"https:\/\/hotelcis.pl\/wp-content\/uploads\/2024\/02\/hotel-cis-swinoujscie-widok-rowerownia-parking-768x512.jpg 768w, https:\/\/hotelcis.pl\/wp-content\/uploads\/2024\/02\/hotel-cis-swinoujscie-widok-rowerownia-parking-300x200.jpg 300w, https:\/\/hotelcis.pl\/wp-content\/uploads\/2024\/02\/hotel-cis-swinoujscie-widok-rowerownia-parking.jpg 900w\" data-sizes=\"(max-width: 768px) 100vw, 768px\" src=\"data:image\/gif;base64,R0lGODlhAQABAAAAACH5BAEKAAEALAAAAAABAAEAAAICTAEAOw==\" style=\"--smush-placeholder-width: 768px; --smush-placeholder-aspect-ratio: 768\/512;\" \/><noscript><img loading=\"lazy\" decoding=\"async\" width=\"768\" height=\"512\" src=\"https:\/\/hotelcis.pl\/wp-content\/uploads\/2024\/02\/hotel-cis-swinoujscie-widok-rowerownia-parking-768x512.jpg\" class=\"attachment-medium_large size-medium_large\" alt=\"\" srcset=\"https:\/\/hotelcis.pl\/wp-content\/uploads\/2024\/02\/hotel-cis-swinoujscie-widok-rowerownia-parking-768x512.jpg 768w, https:\/\/hotelcis.pl\/wp-content\/uploads\/2024\/02\/hotel-cis-swinoujscie-widok-rowerownia-parking-300x200.jpg 300w, https:\/\/hotelcis.pl\/wp-content\/uploads\/2024\/02\/hotel-cis-swinoujscie-widok-rowerownia-parking.jpg 900w\" sizes=\"(max-width: 768px) 100vw, 768px\" \/><\/noscript><\/a>\n\t\t\t<\/div><\/figure><figure class='gallery-item'>\n\t\t\t<div class='gallery-icon landscape'>\n\t\t\t\t<a data-elementor-open-lightbox=\"yes\" data-elementor-lightbox-slideshow=\"3dc98e1\" data-elementor-lightbox-title=\"hotel-cis-swinoujscie-widok-z-boku-parking\" data-e-action-hash=\"#elementor-action%3Aaction%3Dlightbox%26settings%3DeyJpZCI6MjA2OCwidXJsIjoiaHR0cHM6XC9cL2hvdGVsY2lzLnBsXC93cC1jb250ZW50XC91cGxvYWRzXC8yMDI0XC8wMlwvaG90ZWwtY2lzLXN3aW5vdWpzY2llLXdpZG9rLXotYm9rdS1wYXJraW5nLmpwZyIsInNsaWRlc2hvdyI6IjNkYzk4ZTEifQ%3D%3D\" href='https:\/\/hotelcis.pl\/wp-content\/uploads\/2024\/02\/hotel-cis-swinoujscie-widok-z-boku-parking.jpg'><img loading=\"lazy\" decoding=\"async\" width=\"768\" height=\"512\" data-src=\"https:\/\/hotelcis.pl\/wp-content\/uploads\/2024\/02\/hotel-cis-swinoujscie-widok-z-boku-parking-768x512.jpg\" class=\"attachment-medium_large size-medium_large lazyload\" alt=\"\" data-srcset=\"https:\/\/hotelcis.pl\/wp-content\/uploads\/2024\/02\/hotel-cis-swinoujscie-widok-z-boku-parking-768x512.jpg 768w, https:\/\/hotelcis.pl\/wp-content\/uploads\/2024\/02\/hotel-cis-swinoujscie-widok-z-boku-parking-300x200.jpg 300w, https:\/\/hotelcis.pl\/wp-content\/uploads\/2024\/02\/hotel-cis-swinoujscie-widok-z-boku-parking.jpg 900w\" data-sizes=\"(max-width: 768px) 100vw, 768px\" src=\"data:image\/gif;base64,R0lGODlhAQABAAAAACH5BAEKAAEALAAAAAABAAEAAAICTAEAOw==\" style=\"--smush-placeholder-width: 768px; --smush-placeholder-aspect-ratio: 768\/512;\" \/><noscript><img loading=\"lazy\" decoding=\"async\" width=\"768\" height=\"512\" src=\"https:\/\/hotelcis.pl\/wp-content\/uploads\/2024\/02\/hotel-cis-swinoujscie-widok-z-boku-parking-768x512.jpg\" class=\"attachment-medium_large size-medium_large\" alt=\"\" srcset=\"https:\/\/hotelcis.pl\/wp-content\/uploads\/2024\/02\/hotel-cis-swinoujscie-widok-z-boku-parking-768x512.jpg 768w, https:\/\/hotelcis.pl\/wp-content\/uploads\/2024\/02\/hotel-cis-swinoujscie-widok-z-boku-parking-300x200.jpg 300w, https:\/\/hotelcis.pl\/wp-content\/uploads\/2024\/02\/hotel-cis-swinoujscie-widok-z-boku-parking.jpg 900w\" sizes=\"(max-width: 768px) 100vw, 768px\" \/><\/noscript><\/a>\n\t\t\t<\/div><\/figure><figure class='gallery-item'>\n\t\t\t<div class='gallery-icon landscape'>\n\t\t\t\t<a data-elementor-open-lightbox=\"yes\" data-elementor-lightbox-slideshow=\"3dc98e1\" data-elementor-lightbox-title=\"hotel-cis-swinoujscie-widok-z-ty\u0142u-budynku\" data-e-action-hash=\"#elementor-action%3Aaction%3Dlightbox%26settings%3DeyJpZCI6MjA2OSwidXJsIjoiaHR0cHM6XC9cL2hvdGVsY2lzLnBsXC93cC1jb250ZW50XC91cGxvYWRzXC8yMDI0XC8wMlwvaG90ZWwtY2lzLXN3aW5vdWpzY2llLXdpZG9rLXotdHlsdS1idWR5bmt1LmpwZyIsInNsaWRlc2hvdyI6IjNkYzk4ZTEifQ%3D%3D\" href='https:\/\/hotelcis.pl\/wp-content\/uploads\/2024\/02\/hotel-cis-swinoujscie-widok-z-tylu-budynku.jpg'><img loading=\"lazy\" decoding=\"async\" width=\"768\" height=\"512\" data-src=\"https:\/\/hotelcis.pl\/wp-content\/uploads\/2024\/02\/hotel-cis-swinoujscie-widok-z-tylu-budynku-768x512.jpg\" class=\"attachment-medium_large size-medium_large lazyload\" alt=\"\" data-srcset=\"https:\/\/hotelcis.pl\/wp-content\/uploads\/2024\/02\/hotel-cis-swinoujscie-widok-z-tylu-budynku-768x512.jpg 768w, https:\/\/hotelcis.pl\/wp-content\/uploads\/2024\/02\/hotel-cis-swinoujscie-widok-z-tylu-budynku-300x200.jpg 300w, https:\/\/hotelcis.pl\/wp-content\/uploads\/2024\/02\/hotel-cis-swinoujscie-widok-z-tylu-budynku.jpg 900w\" data-sizes=\"(max-width: 768px) 100vw, 768px\" src=\"data:image\/gif;base64,R0lGODlhAQABAAAAACH5BAEKAAEALAAAAAABAAEAAAICTAEAOw==\" style=\"--smush-placeholder-width: 768px; --smush-placeholder-aspect-ratio: 768\/512;\" \/><noscript><img loading=\"lazy\" decoding=\"async\" width=\"768\" height=\"512\" src=\"https:\/\/hotelcis.pl\/wp-content\/uploads\/2024\/02\/hotel-cis-swinoujscie-widok-z-tylu-budynku-768x512.jpg\" class=\"attachment-medium_large size-medium_large\" alt=\"\" srcset=\"https:\/\/hotelcis.pl\/wp-content\/uploads\/2024\/02\/hotel-cis-swinoujscie-widok-z-tylu-budynku-768x512.jpg 768w, https:\/\/hotelcis.pl\/wp-content\/uploads\/2024\/02\/hotel-cis-swinoujscie-widok-z-tylu-budynku-300x200.jpg 300w, https:\/\/hotelcis.pl\/wp-content\/uploads\/2024\/02\/hotel-cis-swinoujscie-widok-z-tylu-budynku.jpg 900w\" sizes=\"(max-width: 768px) 100vw, 768px\" \/><\/noscript><\/a>\n\t\t\t<\/div><\/figure>\n\t\t<\/div>\n\t\t<\/div>\n\t\t\t\t\t\t<\/div>\n\t\t\t\t<\/div>\n\t\t\t\t\t<\/div>\n\t\t\t\t<\/div>\n\t\t<div class=\"elementor-element elementor-element-6f91c368 e-flex e-con-boxed e-con e-parent\" data-id=\"6f91c368\" data-element_type=\"container\" data-e-type=\"container\" data-settings=\"{&quot;background_background&quot;:&quot;classic&quot;}\">\n\t\t\t\t\t<div class=\"e-con-inner\">\n\t\t<div class=\"elementor-element elementor-element-1339833e e-con-full e-flex e-con e-child\" data-id=\"1339833e\" data-element_type=\"container\" data-e-type=\"container\" data-settings=\"{&quot;background_background&quot;:&quot;classic&quot;}\">\n\t\t<div class=\"elementor-element elementor-element-2a8acf25 e-con-full e-flex e-con e-child\" data-id=\"2a8acf25\" data-element_type=\"container\" data-e-type=\"container\">\n\t\t\t\t<div class=\"elementor-element elementor-element-318f7c17 elementor-widget elementor-widget-heading\" data-id=\"318f7c17\" data-element_type=\"widget\" data-e-type=\"widget\" data-widget_type=\"heading.default\">\n\t\t\t\t<div class=\"elementor-widget-container\">\n\t\t\t\t\t<h3 class=\"elementor-heading-title elementor-size-default\">Sind Sie an unserem Angebot interessiert?<\/h3>\t\t\t\t<\/div>\n\t\t\t\t<\/div>\n\t\t\t\t<div class=\"elementor-element elementor-element-2d7c0437 elementor-widget elementor-widget-text-editor\" data-id=\"2d7c0437\" data-element_type=\"widget\" data-e-type=\"widget\" data-widget_type=\"text-editor.default\">\n\t\t\t\t<div class=\"elementor-widget-container\">\n\t\t\t\t\t\t\t\t\t<p>Wenn Sie direkt \u00fcber unsere Website oder per Telefon buchen, k\u00f6nnen Sie sparen <strong>bis zu einem Maximum von 10%<\/strong>. Sonderangebote und Rabatte auf <strong>nicht<\/strong> sind jederzeit verf\u00fcgbar, aber wenn Sie telefonisch buchen, k\u00f6nnen Sie immer nach einem Rabatt fragen - das ist oft m\u00f6glich.<\/p>\t\t\t\t\t\t\t\t<\/div>\n\t\t\t\t<\/div>\n\t\t\t\t<\/div>\n\t\t<div class=\"elementor-element elementor-element-321bf4ef e-con-full e-flex e-con e-child\" data-id=\"321bf4ef\" data-element_type=\"container\" data-e-type=\"container\">\n\t\t\t\t<div class=\"elementor-element elementor-element-67543982 elementor-align-right elementor-tablet-align-center elementor-widget elementor-widget-button\" data-id=\"67543982\" data-element_type=\"widget\" data-e-type=\"widget\" data-widget_type=\"button.default\">\n\t\t\t\t<div class=\"elementor-widget-container\">\n\t\t\t\t\t\t\t\t\t<div class=\"elementor-button-wrapper\">\n\t\t\t\t\t<a class=\"elementor-button elementor-button-link elementor-size-sm\" href=\"tel: 48913212114\">\n\t\t\t\t\t\t<span class=\"elementor-button-content-wrapper\">\n\t\t\t\t\t\t\t\t\t<span class=\"elementor-button-text\">(+48) 91  321 21 14<\/span>\n\t\t\t\t\t<\/span>\n\t\t\t\t\t<\/a>\n\t\t\t\t<\/div>\n\t\t\t\t\t\t\t\t<\/div>\n\t\t\t\t<\/div>\n\t\t\t\t<\/div>\n\t\t\t\t<\/div>\n\t\t\t\t\t<\/div>\n\t\t\t\t<\/div>\n\t\t\t\t<\/div>","protected":false},"excerpt":{"rendered":"<p>Hotel Cis im Freien Sind Sie an unserem Angebot interessiert? Wenn Sie direkt \u00fcber unsere Website oder per Telefon buchen, k\u00f6nnen Sie bis zu 10% sparen. Aktionen und Rabatte auf der Website sind nicht immer verf\u00fcgbar, aber wenn Sie telefonisch buchen, k\u00f6nnen Sie immer nach einem Rabatt fragen - es ist oft m\u00f6glich. (+48) 91 321 21 14<\/p>","protected":false},"author":1,"featured_media":0,"parent":0,"menu_order":0,"comment_status":"closed","ping_status":"closed","template":"","meta":{"site-sidebar-layout":"no-sidebar","site-content-layout":"page-builder","ast-site-content-layout":"full-width-container","site-content-style":"default","site-sidebar-style":"default","ast-global-header-display":"","ast-banner-title-visibility":"","ast-main-header-display":"","ast-hfb-above-header-display":"","ast-hfb-below-header-display":"","ast-hfb-mobile-header-display":"","site-post-title":"disabled","ast-breadcrumbs-content":"","ast-featured-img":"disabled","footer-sml-layout":"","ast-disable-related-posts":"","theme-transparent-header-meta":"","adv-header-id-meta":"","stick-header-meta":"","header-above-stick-meta":"","header-main-stick-meta":"","header-below-stick-meta":"","astra-migrate-meta-layouts":"set","ast-page-background-enabled":"default","ast-page-background-meta":{"desktop":{"background-color":"","background-image":"","background-repeat":"repeat","background-position":"center center","background-size":"auto","background-attachment":"scroll","background-type":"","background-media":"","overlay-type":"","overlay-color":"","overlay-opacity":"","overlay-gradient":""},"tablet":{"background-color":"","background-image":"","background-repeat":"repeat","background-position":"center center","background-size":"auto","background-attachment":"scroll","background-type":"","background-media":"","overlay-type":"","overlay-color":"","overlay-opacity":"","overlay-gradient":""},"mobile":{"background-color":"","background-image":"","background-repeat":"repeat","background-position":"center center","background-size":"auto","background-attachment":"scroll","background-type":"","background-media":"","overlay-type":"","overlay-color":"","overlay-opacity":"","overlay-gradient":""}},"ast-content-background-meta":{"desktop":{"background-color":"var(--ast-global-color-5)","background-image":"","background-repeat":"repeat","background-position":"center center","background-size":"auto","background-attachment":"scroll","background-type":"","background-media":"","overlay-type":"","overlay-color":"","overlay-opacity":"","overlay-gradient":""},"tablet":{"background-color":"var(--ast-global-color-5)","background-image":"","background-repeat":"repeat","background-position":"center center","background-size":"auto","background-attachment":"scroll","background-type":"","background-media":"","overlay-type":"","overlay-color":"","overlay-opacity":"","overlay-gradient":""},"mobile":{"background-color":"var(--ast-global-color-5)","background-image":"","background-repeat":"repeat","background-position":"center center","background-size":"auto","background-attachment":"scroll","background-type":"","background-media":"","overlay-type":"","overlay-color":"","overlay-opacity":"","overlay-gradient":""}},"footnotes":""},"class_list":["post-2057","page","type-page","status-publish","hentry"],"_links":{"self":[{"href":"https:\/\/hotelcis.pl\/de\/wp-json\/wp\/v2\/pages\/2057","targetHints":{"allow":["GET"]}}],"collection":[{"href":"https:\/\/hotelcis.pl\/de\/wp-json\/wp\/v2\/pages"}],"about":[{"href":"https:\/\/hotelcis.pl\/de\/wp-json\/wp\/v2\/types\/page"}],"author":[{"embeddable":true,"href":"https:\/\/hotelcis.pl\/de\/wp-json\/wp\/v2\/users\/1"}],"replies":[{"embeddable":true,"href":"https:\/\/hotelcis.pl\/de\/wp-json\/wp\/v2\/comments?post=2057"}],"version-history":[{"count":3,"href":"https:\/\/hotelcis.pl\/de\/wp-json\/wp\/v2\/pages\/2057\/revisions"}],"predecessor-version":[{"id":3944,"href":"https:\/\/hotelcis.pl\/de\/wp-json\/wp\/v2\/pages\/2057\/revisions\/3944"}],"wp:attachment":[{"href":"https:\/\/hotelcis.pl\/de\/wp-json\/wp\/v2\/media?parent=2057"}],"curies":[{"name":"wp","href":"https:\/\/api.w.org\/{rel}","templated":true}]}}